{"id":860,"date":"2024-03-12T08:18:00","date_gmt":"2024-03-12T07:18:00","guid":{"rendered":"https:\/\/www.olimpicarena.com\/politica-de-privacidad\/"},"modified":"2024-03-15T12:00:41","modified_gmt":"2024-03-15T11:00:41","slug":"politica-de-privacidad","status":"publish","type":"page","link":"https:\/\/www.olimpicarena.com\/ca\/politica-de-privacidad\/","title":{"rendered":"Pol\u00edtica de privadesa"},"content":{"rendered":"<div class=\"cms-page\">\n<h2 class=\"header-typ2\">Pol\u00edtica de privadesa<\/h2>\n<ol>\n\t<strong><\/p>\n<li>Qui \u00e9s el responsable del tractament de les vostres dades?<\/li>\n<p><\/strong><\/p>\n<p>D&#8217;acord amb all\u00f2 establert pel Reglament Europeu sobre Protecci\u00f3 de Dades, aix\u00ed com en compliment de la Llei Org\u00e0nica 15\/1999 sobre Protecci\u00f3 de Dades de Car\u00e0cter Personal, el responsable del tractament de les seves dades \u00e9s PALAU OLIMPIC BADALONA.<\/p>\n<p>\t<strong><\/p>\n<li>Per qu\u00e8 utilitza PALAU OLIMPIC BADALONA les vostres dades personals?<\/li>\n<p><\/strong><\/p>\n<p>PALAU OLIMPIC BADALONA utilitza les vostres dades personals per facilitar-vos, per qualsevol mitj\u00e0, la informaci\u00f3 sol\u00b7licitada per vost\u00e8.<\/p>\n<p>\t<strong><\/p>\n<li>Per qu\u00e8 utilitza PALAU OLIMPIC BADALONA les vostres dades personals?<\/li>\n<p><\/strong><\/p>\n<p>La base jur\u00eddica que permet a PALAU OLIMPIC BADALONA tractar les vostres dades personals \u00e9s el consentiment que heu atorgat en emplenar i enviar els formularis habilitats a la web.<\/p>\n<p>\t<strong><\/p>\n<li>Amb qui comparteix PALAU OLIMPIC BADALONA les vostres dades personals?<\/li>\n<p><\/strong><\/p>\n<p>PALAU OLIMPIC BADALONA no comunica les vostres dades personals a tercers, llevat que sigui necessari per donar compliment a un mandat legal.<\/p>\n<p>\t<strong><\/p>\n<li>Quins s\u00f3n els vostres drets quan ens proporciona les vostres dades personals?<\/li>\n<p><\/strong><\/p>\n<ul style=\"list-style-type: disc;\">\n<li>Podreu consultar les vostres dades incloses en els fitxers de PALAU OLIMPIC BADALONA.<\/li>\n<li>Podreu modificar les vostres dades personals quan siguin inexactes.<\/li>\n<li>Podreu sol\u00b7licitar l&#8217;eliminaci\u00f3 de les vostres dades personals.<\/li>\n<li>Podreu sol\u00b7licitar que no es tractin les vostres dades personals.<\/li>\n<li>Podr\u00e0 rebre, en format electr\u00f2nic, les dades personals que hagi facilitat a PALAU OLIMPIC BADALONA, aix\u00ed com transmetre&#8217;ls a una altra entitat.<\/li>\n<li>Podreu sol\u00b7licitar la limitaci\u00f3 al tractament de les vostres dades:<\/li>\n<\/ul>\n<\/ol>\n<p>\t&#8211; Quan es comprovi la impugnaci\u00f3 de l&#8217;exactitud de les vostres dades.<\/p>\n<p>\t&#8211; Quan el tractament \u00e9s il\u00b7l\u00edcit i vost\u00e8 s&#8217;oposa a la supressi\u00f3 de les dades<\/p>\n<p>\t&#8211; Quan PALAU OLIMPIC BADALONA no necessiti tractar les seves dades, per\u00f2 vost\u00e8 les necessiti per a l&#8217;exercici o la defensa de reclamacions.<\/p>\n<p>\t&#8211; Quan s&#8217;hagi oposat al tractament de les vostres dades per al compliment d&#8217;una missi\u00f3 en inter\u00e8s p\u00fablic o per a la satisfacci\u00f3 d&#8217;un inter\u00e8s leg\u00edtim, mentre es verifica si els motius leg\u00edtims per al tractament prevalen sobre els seus.<\/p>\n<p>Per exercitar aquests drets nom\u00e9s cal adre\u00e7ar-se per escrit a PALAU OLIMPIC BADALONA o enviar un e-mail sol\u00b7licitant aquesta informaci\u00f3, correcci\u00f3 o anul\u00b7laci\u00f3 a l&#8217;adre\u00e7a: <a href=\"mailto:info@olimpicarena.com\">info@olimpicarena.com<\/a> incloent el nom, cognoms, fotoc\u00f2pia del DNI i adre\u00e7a de correu electr\u00f2nic.<\/p>\n<p>Aix\u00ed mateix, en qualsevol moment pot retirar el consentiment prestat sense que aix\u00f2 afecti la licitud del tractament de les seves dades dut a terme amb anterioritat, enviant una sol\u00b7licitud a <a href=\"mailto:info@pobevents.com\">info@pobevents.com<\/a> indicant a l&#8217;assumpte \u00abANUL\u00b7LACI\u00d3 DE CONSENTIMENT\u00bb. Per poder exercir els vostres drets i retirar el vostre consentiment haureu d&#8217;enviar una c\u00f2pia del vostre DNI o document que acrediti la vostra identitat.<\/p>\n<p>En tot cas, podreu presentar una reclamaci\u00f3 davant l&#8217;Ag\u00e8ncia Espanyola de Protecci\u00f3 de Dades (www.agpd.es) o qualsevol altra autoritat competent.\n<\/p><\/div>\n","protected":false},"excerpt":{"rendered":"<p>Pol\u00edtica de privadesa Qui \u00e9s el responsable del tractament de les vostres dades? D&#8217;acord amb all\u00f2 establert pel Reglament Europeu sobre Protecci\u00f3 de Dades, aix\u00ed com en compliment de la Llei Org\u00e0nica 15\/1999 sobre Protecci\u00f3 de Dades de Car\u00e0cter Personal,<span class=\"ellipsis\">&hellip;<\/span><\/p>\n<div class=\"read-more\"><a href=\"https:\/\/www.olimpicarena.com\/ca\/politica-de-privacidad\/\">Read more <span class=\"screen-reader-text\">Pol\u00edtica de privadesa<\/span><span class=\"meta-nav\"> &#8250;<\/span><\/a><\/div>\n<p><!-- end of .read-more --><\/p>\n","protected":false},"author":3,"featured_media":0,"parent":0,"menu_order":0,"comment_status":"closed","ping_status":"closed","template":"","meta":{"_acf_changed":false,"inline_featured_image":false,"footnotes":""},"class_list":["post-860","page","type-page","status-publish","hentry"],"acf":[],"yoast_head":"<!-- This site is optimized with the Yoast SEO plugin v24.7 - https:\/\/yoast.com\/wordpress\/plugins\/seo\/ -->\n<title>Pol\u00edtica de privadesa - olimpicarena<\/title>\n<meta name=\"robots\" content=\"index, follow, max-snippet:-1, max-image-preview:large, max-video-preview:-1\" \/>\n<link rel=\"canonical\" href=\"https:\/\/www.olimpicarena.com\/ca\/politica-de-privacidad\/\" \/>\n<meta property=\"og:locale\" content=\"ca_ES\" \/>\n<meta property=\"og:type\" content=\"article\" \/>\n<meta property=\"og:title\" content=\"Pol\u00edtica de privadesa - olimpicarena\" \/>\n<meta property=\"og:description\" content=\"Pol\u00edtica de privadesa Qui \u00e9s el responsable del tractament de les vostres dades? D&#8217;acord amb all\u00f2 establert pel Reglament Europeu sobre Protecci\u00f3 de Dades, aix\u00ed com en compliment de la Llei Org\u00e0nica 15\/1999 sobre Protecci\u00f3 de Dades de Car\u00e0cter Personal,&hellip;Read more Pol\u00edtica de privadesa &#8250;\" \/>\n<meta property=\"og:url\" content=\"https:\/\/www.olimpicarena.com\/ca\/politica-de-privacidad\/\" \/>\n<meta property=\"og:site_name\" content=\"olimpicarena\" \/>\n<meta property=\"article:modified_time\" content=\"2024-03-15T11:00:41+00:00\" \/>\n<meta name=\"twitter:card\" content=\"summary_large_image\" \/>\n<meta name=\"twitter:label1\" content=\"Temps estimat de lectura\" \/>\n\t<meta name=\"twitter:data1\" content=\"2 minuts\" \/>\n<script type=\"application\/ld+json\" class=\"yoast-schema-graph\">{\"@context\":\"https:\/\/schema.org\",\"@graph\":[{\"@type\":\"WebPage\",\"@id\":\"https:\/\/www.olimpicarena.com\/ca\/politica-de-privacidad\/\",\"url\":\"https:\/\/www.olimpicarena.com\/ca\/politica-de-privacidad\/\",\"name\":\"Pol\u00edtica de privadesa - olimpicarena\",\"isPartOf\":{\"@id\":\"https:\/\/www.olimpicarena.com\/ca\/#website\"},\"datePublished\":\"2024-03-12T07:18:00+00:00\",\"dateModified\":\"2024-03-15T11:00:41+00:00\",\"breadcrumb\":{\"@id\":\"https:\/\/www.olimpicarena.com\/ca\/politica-de-privacidad\/#breadcrumb\"},\"inLanguage\":\"ca\",\"potentialAction\":[{\"@type\":\"ReadAction\",\"target\":[\"https:\/\/www.olimpicarena.com\/ca\/politica-de-privacidad\/\"]}]},{\"@type\":\"BreadcrumbList\",\"@id\":\"https:\/\/www.olimpicarena.com\/ca\/politica-de-privacidad\/#breadcrumb\",\"itemListElement\":[{\"@type\":\"ListItem\",\"position\":1,\"name\":\"Home\",\"item\":\"https:\/\/www.olimpicarena.com\/ca\/\"},{\"@type\":\"ListItem\",\"position\":2,\"name\":\"Pol\u00edtica de privadesa\"}]},{\"@type\":\"WebSite\",\"@id\":\"https:\/\/www.olimpicarena.com\/ca\/#website\",\"url\":\"https:\/\/www.olimpicarena.com\/ca\/\",\"name\":\"olimpicarena\",\"description\":\"\",\"potentialAction\":[{\"@type\":\"SearchAction\",\"target\":{\"@type\":\"EntryPoint\",\"urlTemplate\":\"https:\/\/www.olimpicarena.com\/ca\/?s={search_term_string}\"},\"query-input\":{\"@type\":\"PropertyValueSpecification\",\"valueRequired\":true,\"valueName\":\"search_term_string\"}}],\"inLanguage\":\"ca\"}]}<\/script>\n<!-- \/ Yoast SEO plugin. -->","yoast_head_json":{"title":"Pol\u00edtica de privadesa - olimpicarena","robots":{"index":"index","follow":"follow","max-snippet":"max-snippet:-1","max-image-preview":"max-image-preview:large","max-video-preview":"max-video-preview:-1"},"canonical":"https:\/\/www.olimpicarena.com\/ca\/politica-de-privacidad\/","og_locale":"ca_ES","og_type":"article","og_title":"Pol\u00edtica de privadesa - olimpicarena","og_description":"Pol\u00edtica de privadesa Qui \u00e9s el responsable del tractament de les vostres dades? D&#8217;acord amb all\u00f2 establert pel Reglament Europeu sobre Protecci\u00f3 de Dades, aix\u00ed com en compliment de la Llei Org\u00e0nica 15\/1999 sobre Protecci\u00f3 de Dades de Car\u00e0cter Personal,&hellip;Read more Pol\u00edtica de privadesa &#8250;","og_url":"https:\/\/www.olimpicarena.com\/ca\/politica-de-privacidad\/","og_site_name":"olimpicarena","article_modified_time":"2024-03-15T11:00:41+00:00","twitter_card":"summary_large_image","twitter_misc":{"Temps estimat de lectura":"2 minuts"},"schema":{"@context":"https:\/\/schema.org","@graph":[{"@type":"WebPage","@id":"https:\/\/www.olimpicarena.com\/ca\/politica-de-privacidad\/","url":"https:\/\/www.olimpicarena.com\/ca\/politica-de-privacidad\/","name":"Pol\u00edtica de privadesa - olimpicarena","isPartOf":{"@id":"https:\/\/www.olimpicarena.com\/ca\/#website"},"datePublished":"2024-03-12T07:18:00+00:00","dateModified":"2024-03-15T11:00:41+00:00","breadcrumb":{"@id":"https:\/\/www.olimpicarena.com\/ca\/politica-de-privacidad\/#breadcrumb"},"inLanguage":"ca","potentialAction":[{"@type":"ReadAction","target":["https:\/\/www.olimpicarena.com\/ca\/politica-de-privacidad\/"]}]},{"@type":"BreadcrumbList","@id":"https:\/\/www.olimpicarena.com\/ca\/politica-de-privacidad\/#breadcrumb","itemListElement":[{"@type":"ListItem","position":1,"name":"Home","item":"https:\/\/www.olimpicarena.com\/ca\/"},{"@type":"ListItem","position":2,"name":"Pol\u00edtica de privadesa"}]},{"@type":"WebSite","@id":"https:\/\/www.olimpicarena.com\/ca\/#website","url":"https:\/\/www.olimpicarena.com\/ca\/","name":"olimpicarena","description":"","potentialAction":[{"@type":"SearchAction","target":{"@type":"EntryPoint","urlTemplate":"https:\/\/www.olimpicarena.com\/ca\/?s={search_term_string}"},"query-input":{"@type":"PropertyValueSpecification","valueRequired":true,"valueName":"search_term_string"}}],"inLanguage":"ca"}]}},"_links":{"self":[{"href":"https:\/\/www.olimpicarena.com\/ca\/wp-json\/wp\/v2\/pages\/860","targetHints":{"allow":["GET"]}}],"collection":[{"href":"https:\/\/www.olimpicarena.com\/ca\/wp-json\/wp\/v2\/pages"}],"about":[{"href":"https:\/\/www.olimpicarena.com\/ca\/wp-json\/wp\/v2\/types\/page"}],"author":[{"embeddable":true,"href":"https:\/\/www.olimpicarena.com\/ca\/wp-json\/wp\/v2\/users\/3"}],"replies":[{"embeddable":true,"href":"https:\/\/www.olimpicarena.com\/ca\/wp-json\/wp\/v2\/comments?post=860"}],"version-history":[{"count":0,"href":"https:\/\/www.olimpicarena.com\/ca\/wp-json\/wp\/v2\/pages\/860\/revisions"}],"wp:attachment":[{"href":"https:\/\/www.olimpicarena.com\/ca\/wp-json\/wp\/v2\/media?parent=860"}],"curies":[{"name":"wp","href":"https:\/\/api.w.org\/{rel}","templated":true}]}}